{"id":20,"date":"2022-03-04T12:05:25","date_gmt":"2022-03-04T12:05:25","guid":{"rendered":"https:\/\/qshs.org\/wordpress\/?page_id=20"},"modified":"2024-08-14T09:35:08","modified_gmt":"2024-08-14T09:35:08","slug":"talks-lectures","status":"publish","type":"page","link":"https:\/\/qshs.org\/?page_id=20","title":{"rendered":"Our links"},"content":{"rendered":"\n<p><a href=\"https:\/\/stfc.ukri.org\/\">Science &amp; Technologies Funding Council<\/a><\/p>\n\n\n\n<figure class=\"wp-block-image size-full\"><img loading=\"lazy\" decoding=\"async\" width=\"1866\" height=\"480\" src=\"https:\/\/qshs.org\/wp-content\/uploads\/2022\/04\/STFC_logo.png\" alt=\"\" class=\"wp-image-114\"\/><\/figure>\n\n\n\n<hr class=\"wp-block-separator has-css-opacity\"\/>\n\n\n\n<p>University of Oxford &#8211; <a href=\"https:\/\/www.physics.ox.ac.uk\/our-people\/withington\">Professor Stafford Withington<\/a>, <a href=\"https:\/\/www.physics.ox.ac.uk\/our-people\/leek\">Dr Peter Leek<\/a>, <a href=\"https:\/\/www.physics.ox.ac.uk\/our-people\/gregori\">Prof. Gianluca Gregori<\/a>, <a href=\"https:\/\/www.physics.ox.ac.uk\/our-people\/march-russell\">Professor John March-Russell<\/a>, <a href=\"https:\/\/www.physics.ox.ac.uk\/our-people\/tanb\">Dr Boon Kok Tan<\/a> &amp; <a href=\"https:\/\/www.physics.ox.ac.uk\/our-people\/hardy\">Professor Edward Hardy<\/a>.<\/p>\n\n\n\n<p>working with <a href=\"https:\/\/www.physics.ox.ac.uk\/our-people\/piscitelli\">Dr Michele Piscitelli<\/a> (Postdoctoral Researcher)<\/p>\n\n\n\n<figure class=\"wp-block-image size-full\"><img loading=\"lazy\" decoding=\"async\" width=\"392\" height=\"120\" src=\"https:\/\/qshs.org\/wp-content\/uploads\/2022\/04\/University-of-Oxford.png\" alt=\"\" class=\"wp-image-116\"\/><\/figure>\n\n\n\n<hr class=\"wp-block-separator has-css-opacity\"\/>\n\n\n\n<p><a href=\"https:\/\/www.lancaster.ac.uk\/physics\/about-us\/people\/edward-laird\">University of Lancaster &#8211; Professor Edward Laird<\/a>, <a href=\"https:\/\/www.lancaster.ac.uk\/physics\/about-us\/people\/yuri-pashkin\">Professor Yuri Pashkin<\/a> &amp; <a href=\"https:\/\/www.lancaster.ac.uk\/physics\/about-us\/people\/ian-bailey\">Dr Ian Bailey<\/a> working with Joshoua Esmenda (Postdoctoral Researcher) and Searbh\u00e1n \u00d3 Peat\u00e1in (PhD Student).<\/p>\n\n\n\n<figure class=\"wp-block-image size-full\"><img loading=\"lazy\" decoding=\"async\" width=\"336\" height=\"150\" src=\"https:\/\/qshs.org\/wp-content\/uploads\/2022\/04\/Lancaster-University.png\" alt=\"\" class=\"wp-image-118\"\/><\/figure>\n\n\n\n<hr class=\"wp-block-separator has-css-opacity\"\/>\n\n\n\n<p><\/p>\n\n\n\n<figure class=\"wp-block-image size-full\"><img loading=\"lazy\" decoding=\"async\" width=\"322\" height=\"82\" src=\"https:\/\/qshs.org\/wp-content\/uploads\/2022\/04\/University-of-Liverpool.png\" alt=\"\" class=\"wp-image-122\"\/><\/figure>\n\n\n\n<hr class=\"wp-block-separator has-css-opacity\"\/>\n\n\n\n<p><a href=\"https:\/\/www.ucl.ac.uk\/quantum\/people\/dr-ed-romans\">University College London &#8211; Dr Ed Romans<\/a><\/p>\n\n\n\n<figure class=\"wp-block-image size-full\"><img loading=\"lazy\" decoding=\"async\" width=\"300\" height=\"157\" src=\"https:\/\/qshs.org\/wp-content\/uploads\/2022\/04\/UCL.png\" alt=\"\" class=\"wp-image-123\"\/><\/figure>\n\n\n\n<hr class=\"wp-block-separator has-css-opacity\"\/>\n\n\n\n<p><a href=\"https:\/\/pure.royalholloway.ac.uk\/portal\/en\/persons\/phil-meeson(e2cbb189-9933-4b2e-9184-d4e077c00d4b).html\">Royal Holloway University of London &#8211; Professor Phil Meeson<\/a> &amp; <a href=\"https:\/\/pure.royalholloway.ac.uk\/portal\/en\/persons\/stephen-west(9785e213-ef52-4fc3-bbef-ae3748df6523).html\">Dr Stephen West<\/a><\/p>\n\n\n\n<figure class=\"wp-block-image size-full\"><img loading=\"lazy\" decoding=\"async\" width=\"304\" height=\"155\" src=\"https:\/\/qshs.org\/wp-content\/uploads\/2022\/04\/RHUL.png\" alt=\"\" class=\"wp-image-117\"\/><\/figure>\n\n\n\n<hr class=\"wp-block-separator has-css-opacity\"\/>\n\n\n\n<p><a href=\"https:\/\/www.npl.co.uk\/people\/ling-hao\">National Physical Laboratory &#8211; Prof. Ling Hao<\/a>, <a href=\"https:\/\/www.npl.co.uk\/people\/john-gallop\">Dr. John Gallop<\/a><\/p>\n\n\n\n<p>working with Dr Gemma Chapman (Postdoctoral Researcher).<\/p>\n\n\n\n<figure class=\"wp-block-image size-full\"><img loading=\"lazy\" decoding=\"async\" width=\"361\" height=\"134\" src=\"https:\/\/qshs.org\/wp-content\/uploads\/2022\/04\/National-Physical-Laboratory.png\" alt=\"\" class=\"wp-image-120\"\/><\/figure>\n\n\n\n<hr class=\"wp-block-separator has-css-opacity\"\/>\n\n\n\n<p><a href=\"https:\/\/www.sheffield.ac.uk\/physics\/people\/academic\/ed-daw\">University of Sheffield &#8211; Prof. Ed Daw<\/a><\/p>\n\n\n\n<p>working with <a href=\"email: info@qshs.org\" data-type=\"URL\">Angela Warren<\/a> (Project Manager), Dr Paul Smith, (Postdoctoral Researcher), Mitch Perry (PhD student), Claude Mostyn (PhD student) and Annora Sundararajan (Postgraduate student).<\/p>\n\n\n\n<figure class=\"wp-block-image size-full\"><img loading=\"lazy\" decoding=\"async\" width=\"364\" height=\"160\" src=\"https:\/\/qshs.org\/wp-content\/uploads\/2022\/04\/UoS.png\" alt=\"\" class=\"wp-image-124\"\/><\/figure>\n\n\n\n<hr class=\"wp-block-separator has-css-opacity\"\/>\n\n\n\n<p><a href=\"https:\/\/depts.washington.edu\/admx\">ADMX (Axion Dark Matter EXperiment)<\/a><\/p>\n\n\n\n<figure class=\"wp-block-image size-full\"><img loading=\"lazy\" decoding=\"async\" width=\"291\" height=\"184\" src=\"https:\/\/qshs.org\/wp-content\/uploads\/2022\/04\/admx.png\" alt=\"\" class=\"wp-image-194\"\/><\/figure>\n\n\n\n<hr class=\"wp-block-separator has-alpha-channel-opacity\"\/>\n\n\n\n<figure class=\"wp-block-image size-full\"><img loading=\"lazy\" decoding=\"async\" width=\"602\" height=\"152\" src=\"https:\/\/qshs.org\/wp-content\/uploads\/2022\/04\/University-of-Cambridge-logo-1.png\" alt=\"\" class=\"wp-image-119\"\/><\/figure>\n","protected":false},"excerpt":{"rendered":"<p>Science &amp; Technologies Funding Council University of Oxford &#8211; Professor Stafford Withington, Dr Peter Leek, Prof. Gianluca Gregori, Professor John March-Russell, Dr Boon Kok Tan &amp; Professor Edward Hardy. working with Dr Michele Piscitelli (Postdoctoral Researcher) University of Lancaster &#8211; Professor Edward Laird, Professor Yuri Pashkin &amp; Dr Ian Bailey working with Joshoua Esmenda (Postdoctoral [&hellip;]<\/p>\n","protected":false},"author":1,"featured_media":0,"parent":0,"menu_order":0,"comment_status":"closed","ping_status":"closed","template":"","meta":{"_monsterinsights_skip_tracking":false,"_monsterinsights_sitenote_active":false,"_monsterinsights_sitenote_note":"","_monsterinsights_sitenote_category":0,"footnotes":""},"class_list":["post-20","page","type-page","status-publish","hentry"],"_links":{"self":[{"href":"https:\/\/qshs.org\/index.php?rest_route=\/wp\/v2\/pages\/20","targetHints":{"allow":["GET"]}}],"collection":[{"href":"https:\/\/qshs.org\/index.php?rest_route=\/wp\/v2\/pages"}],"about":[{"href":"https:\/\/qshs.org\/index.php?rest_route=\/wp\/v2\/types\/page"}],"author":[{"embeddable":true,"href":"https:\/\/qshs.org\/index.php?rest_route=\/wp\/v2\/users\/1"}],"replies":[{"embeddable":true,"href":"https:\/\/qshs.org\/index.php?rest_route=%2Fwp%2Fv2%2Fcomments&post=20"}],"version-history":[{"count":35,"href":"https:\/\/qshs.org\/index.php?rest_route=\/wp\/v2\/pages\/20\/revisions"}],"predecessor-version":[{"id":1105,"href":"https:\/\/qshs.org\/index.php?rest_route=\/wp\/v2\/pages\/20\/revisions\/1105"}],"wp:attachment":[{"href":"https:\/\/qshs.org\/index.php?rest_route=%2Fwp%2Fv2%2Fmedia&parent=20"}],"curies":[{"name":"wp","href":"https:\/\/api.w.org\/{rel}","templated":true}]}}